{"id":50,"date":"2017-06-20T10:54:09","date_gmt":"2017-06-20T10:54:09","guid":{"rendered":"https:\/\/h3o.es\/obra\/"},"modified":"2026-03-10T16:53:54","modified_gmt":"2026-03-10T16:53:54","slug":"obra","status":"publish","type":"page","link":"https:\/\/h3o.es\/es\/","title":{"rendered":"obra"},"content":{"rendered":"<div class=\"flex-1 overflow-hidden\">\n<div class=\"react-scroll-to-bottom--css-vnzxp-79elbk h-full dark:bg-gray-800\">\n<div class=\"react-scroll-to-bottom--css-vnzxp-1n7m0yu\">\n<div class=\"flex flex-col text-sm dark:bg-gray-800\">\n<div class=\"group w-full text-token-text-primary border-b border-black\/10 dark:border-gray-900\/50 bg-gray-50 dark:bg-[#444654]\" data-testid=\"conversation-turn-13\">\n<div class=\"p-4 justify-center text-base md:gap-6 md:py-6 m-auto\">\n<div class=\"flex flex-1 gap-4 text-base mx-auto md:gap-6 md:max-w-2xl lg:max-w-[38rem] xl:max-w-3xl }\">\n<div class=\"relative flex w-[calc(100%-50px)] flex-col gap-1 md:gap-3 lg:w-[calc(100%-115px)]\">\n<div class=\"flex flex-grow flex-col gap-3 max-w-full\">\n<div class=\"min-h-[20px] flex flex-col items-start gap-3 overflow-x-auto whitespace-pre-wrap break-words\">\n<div class=\"markdown prose w-full break-words dark:prose-invert dark\">\n<h2 id=\"estudio-de-arquitectura-en-barcelona-h3o-architects\"><a class=\"anchor\" href=\"#estudio-de-arquitectura-en-barcelona-h3o-architects\"><i class=\"fa fa-link\"><\/i><\/a>Estudio de Arquitectura en Barcelona h3o architects<\/h2>\n<p>H3o es un<a href=\"http:\/\/h3o.es\/es\/estudio\"> estudio de arquitectura en Barcelona <\/a>formado por Adri\u00e0 Orriols, Joan Gener y Miquel Ruiz. Destacan por su enfoque innovador en arquitectura y urbanismo, enfrentando los retos contempor\u00e1neos. Priorizan la sostenibilidad, econom\u00eda circular y responsabilidad social.<\/p>\n<h2 id=\"sostenibilidad-y-ecohouse-pilares-de-h3o\"><a class=\"anchor\" href=\"#sostenibilidad-y-ecohouse-pilares-de-h3o\"><i class=\"fa fa-link\"><\/i><\/a>Sostenibilidad y Ecohouse: Pilares de H3o<\/h2>\n<p>La sostenibilidad es clave. Cada dise\u00f1o prioriza el medio ambiente, utilizando materiales ecoamigables y estrategias de eficiencia. Ecohouse se integra fluidamente en sus proyectos, creando modelos de eficiencia y dise\u00f1o.<\/p>\n<h2 id=\"dise%c3%b1o-e-interiorismo-fusionando-funcionalidad-y-est%c3%a9tica\"><a class=\"anchor\" href=\"#dise%c3%b1o-e-interiorismo-fusionando-funcionalidad-y-est%c3%a9tica\"><i class=\"fa fa-link\"><\/i><\/a>Dise\u00f1o e Interiorismo: Fusionando Funcionalidad y Est\u00e9tica<\/h2>\n<p>H3o destaca en dise\u00f1o e interiorismo. Reformas integrales transforman espacios, maximizando el uso sin sacrificar la est\u00e9tica. Detalles como material y mobiliario reciben atenci\u00f3n meticulosa.<\/p>\n<h2 id=\"econom%c3%ada-circular-reducci%c3%b3n-de-residuos-y-reutilizaci%c3%b3n\"><a class=\"anchor\" href=\"#econom%c3%ada-circular-reducci%c3%b3n-de-residuos-y-reutilizaci%c3%b3n\"><i class=\"fa fa-link\"><\/i><\/a>Econom\u00eda Circular: Reducci\u00f3n de Residuos y Reutilizaci\u00f3n<\/h2>\n<p>La econom\u00eda circular es otro aspecto clave. H3o reduce residuos y fomenta la reutilizaci\u00f3n de materiales en construcci\u00f3n y renovaci\u00f3n, combinando responsabilidad con eficiencia.<\/p>\n<h2 id=\"estudio-de-arquitectura-en-barcelona-proyectos-de-referencia-de-h3o-architects\"><a class=\"anchor\" href=\"#estudio-de-arquitectura-en-barcelona-proyectos-de-referencia-de-h3o-architects\"><i class=\"fa fa-link\"><\/i><\/a>Estudio de Arquitectura en Barcelona: Proyectos de Referencia de H3o architects<\/h2>\n<p><a href=\"http:\/\/h3o.es\/es\/historias\">Proyectos destacados <\/a>incluyen la renovaci\u00f3n del convento de las Clarisas en Arenys de Mar, el desarrollo del bloque de 155 viviendas en Kop-Dakpark (Rotterdam), la renaturalizaci\u00f3n de la plaza de las Barbacoes en Castell d&#8217;Aro y una residencia de personas mayores en Es Migjorn Gran. Cada proyecto refleja la visi\u00f3n de H3o, integrando sostenibilidad, econom\u00eda circular, dise\u00f1o, interiorismo y reformas integrales para un futuro m\u00e1s consciente y arm\u00f3nico.<\/p>\n<\/div>\n<\/div>\n<\/div>\n<\/div>\n<\/div>\n<\/div>\n<\/div>\n<\/div>\n<\/div>\n<\/div>\n<\/div>\n","protected":false},"excerpt":{"rendered":"<p>Estudio de Arquitectura en Barcelona h3o architects H3o es un estudio de arquitectura en Barcelona formado por Adri\u00e0 Orriols, Joan Gener y Miquel &hellip;<\/p>\n","protected":false},"author":1,"featured_media":7385,"parent":0,"menu_order":0,"comment_status":"closed","ping_status":"closed","template":"work-2.php","meta":{"_acf_changed":false,"footnotes":""},"class_list":["post-50","page","type-page","status-publish","has-post-thumbnail","hentry"],"acf":[],"yoast_head":"<!-- This site is optimized with the Yoast SEO plugin v25.3 - https:\/\/yoast.com\/wordpress\/plugins\/seo\/ -->\n<title>h3o architects | estudio de arquitectura en Barcelona | estudio de dise\u00f1o<\/title>\n<meta name=\"description\" content=\"h3o architects es un estudio de arquitectura en Barcelona. El objetivo de h3o es contar historias a trav\u00e9s del espacio como lienzo de infinitas conexiones.\" \/>\n<meta name=\"robots\" content=\"index, follow, max-snippet:-1, max-image-preview:large, max-video-preview:-1\" \/>\n<link rel=\"canonical\" href=\"https:\/\/h3o.es\/es\/\" \/>\n<meta property=\"og:locale\" content=\"es_ES\" \/>\n<meta property=\"og:type\" content=\"article\" \/>\n<meta property=\"og:title\" content=\"h3o architects | estudio de arquitectura en Barcelona | estudio de dise\u00f1o\" \/>\n<meta property=\"og:description\" content=\"h3o architects es un estudio de arquitectura en Barcelona. El objetivo de h3o es contar historias a trav\u00e9s del espacio como lienzo de infinitas conexiones.\" \/>\n<meta property=\"og:url\" content=\"https:\/\/h3o.es\/es\/\" \/>\n<meta property=\"og:site_name\" content=\"h3o\" \/>\n<meta property=\"article:modified_time\" content=\"2026-03-10T16:53:54+00:00\" \/>\n<meta property=\"og:image\" content=\"https:\/\/h3o.es\/wp-content\/uploads\/2023\/09\/h3o-architects-modal-festival-nomad-assembly-ephimeral-architecture-fest-arquitectura-efi\u0301mera-pink-rosa-1024x780.png\" \/>\n\t<meta property=\"og:image:width\" content=\"1024\" \/>\n\t<meta property=\"og:image:height\" content=\"780\" \/>\n\t<meta property=\"og:image:type\" content=\"image\/png\" \/>\n<meta name=\"twitter:card\" content=\"summary_large_image\" \/>\n<meta name=\"twitter:label1\" content=\"Tiempo de lectura\" \/>\n\t<meta name=\"twitter:data1\" content=\"2 minutos\" \/>\n<script type=\"application\/ld+json\" class=\"yoast-schema-graph\">{\"@context\":\"https:\/\/schema.org\",\"@graph\":[{\"@type\":\"WebPage\",\"@id\":\"https:\/\/h3o.es\/es\/\",\"url\":\"https:\/\/h3o.es\/es\/\",\"name\":\"h3o architects | estudio de arquitectura en Barcelona | estudio de dise\u00f1o\",\"isPartOf\":{\"@id\":\"https:\/\/h3o.es\/en\/#website\"},\"primaryImageOfPage\":{\"@id\":\"https:\/\/h3o.es\/es\/#primaryimage\"},\"image\":{\"@id\":\"https:\/\/h3o.es\/es\/#primaryimage\"},\"thumbnailUrl\":\"https:\/\/h3o.es\/wp-content\/uploads\/2023\/09\/h3o-architects-modal-festival-nomad-assembly-ephimeral-architecture-fest-arquitectura-efi\u0301mera-pink-rosa.png\",\"datePublished\":\"2017-06-20T10:54:09+00:00\",\"dateModified\":\"2026-03-10T16:53:54+00:00\",\"description\":\"h3o architects es un estudio de arquitectura en Barcelona. El objetivo de h3o es contar historias a trav\u00e9s del espacio como lienzo de infinitas conexiones.\",\"breadcrumb\":{\"@id\":\"https:\/\/h3o.es\/es\/#breadcrumb\"},\"inLanguage\":\"es\",\"potentialAction\":[{\"@type\":\"ReadAction\",\"target\":[\"https:\/\/h3o.es\/es\/\"]}]},{\"@type\":\"ImageObject\",\"inLanguage\":\"es\",\"@id\":\"https:\/\/h3o.es\/es\/#primaryimage\",\"url\":\"https:\/\/h3o.es\/wp-content\/uploads\/2023\/09\/h3o-architects-modal-festival-nomad-assembly-ephimeral-architecture-fest-arquitectura-efi\u0301mera-pink-rosa.png\",\"contentUrl\":\"https:\/\/h3o.es\/wp-content\/uploads\/2023\/09\/h3o-architects-modal-festival-nomad-assembly-ephimeral-architecture-fest-arquitectura-efi\u0301mera-pink-rosa.png\",\"width\":1200,\"height\":914,\"caption\":\"H3o architects estudi d'arquitectura a barcelona Modal Festival Nomad Assembly arquitectura ef\u00edmera rosa pink ephemeral architecture\"},{\"@type\":\"BreadcrumbList\",\"@id\":\"https:\/\/h3o.es\/es\/#breadcrumb\",\"itemListElement\":[{\"@type\":\"ListItem\",\"position\":1,\"name\":\"Portada\",\"item\":\"https:\/\/h3o.es\/es\/\"},{\"@type\":\"ListItem\",\"position\":2,\"name\":\"obra\"}]},{\"@type\":\"WebSite\",\"@id\":\"https:\/\/h3o.es\/en\/#website\",\"url\":\"https:\/\/h3o.es\/en\/\",\"name\":\"h3o\",\"description\":\"\",\"potentialAction\":[{\"@type\":\"SearchAction\",\"target\":{\"@type\":\"EntryPoint\",\"urlTemplate\":\"https:\/\/h3o.es\/en\/?s={search_term_string}\"},\"query-input\":{\"@type\":\"PropertyValueSpecification\",\"valueRequired\":true,\"valueName\":\"search_term_string\"}}],\"inLanguage\":\"es\"}]}<\/script>\n<!-- \/ Yoast SEO plugin. -->","yoast_head_json":{"title":"h3o architects | estudio de arquitectura en Barcelona | estudio de dise\u00f1o","description":"h3o architects es un estudio de arquitectura en Barcelona. El objetivo de h3o es contar historias a trav\u00e9s del espacio como lienzo de infinitas conexiones.","robots":{"index":"index","follow":"follow","max-snippet":"max-snippet:-1","max-image-preview":"max-image-preview:large","max-video-preview":"max-video-preview:-1"},"canonical":"https:\/\/h3o.es\/es\/","og_locale":"es_ES","og_type":"article","og_title":"h3o architects | estudio de arquitectura en Barcelona | estudio de dise\u00f1o","og_description":"h3o architects es un estudio de arquitectura en Barcelona. El objetivo de h3o es contar historias a trav\u00e9s del espacio como lienzo de infinitas conexiones.","og_url":"https:\/\/h3o.es\/es\/","og_site_name":"h3o","article_modified_time":"2026-03-10T16:53:54+00:00","og_image":[{"width":1024,"height":780,"url":"https:\/\/h3o.es\/wp-content\/uploads\/2023\/09\/h3o-architects-modal-festival-nomad-assembly-ephimeral-architecture-fest-arquitectura-efi\u0301mera-pink-rosa-1024x780.png","type":"image\/png"}],"twitter_card":"summary_large_image","twitter_misc":{"Tiempo de lectura":"2 minutos"},"schema":{"@context":"https:\/\/schema.org","@graph":[{"@type":"WebPage","@id":"https:\/\/h3o.es\/es\/","url":"https:\/\/h3o.es\/es\/","name":"h3o architects | estudio de arquitectura en Barcelona | estudio de dise\u00f1o","isPartOf":{"@id":"https:\/\/h3o.es\/en\/#website"},"primaryImageOfPage":{"@id":"https:\/\/h3o.es\/es\/#primaryimage"},"image":{"@id":"https:\/\/h3o.es\/es\/#primaryimage"},"thumbnailUrl":"https:\/\/h3o.es\/wp-content\/uploads\/2023\/09\/h3o-architects-modal-festival-nomad-assembly-ephimeral-architecture-fest-arquitectura-efi\u0301mera-pink-rosa.png","datePublished":"2017-06-20T10:54:09+00:00","dateModified":"2026-03-10T16:53:54+00:00","description":"h3o architects es un estudio de arquitectura en Barcelona. El objetivo de h3o es contar historias a trav\u00e9s del espacio como lienzo de infinitas conexiones.","breadcrumb":{"@id":"https:\/\/h3o.es\/es\/#breadcrumb"},"inLanguage":"es","potentialAction":[{"@type":"ReadAction","target":["https:\/\/h3o.es\/es\/"]}]},{"@type":"ImageObject","inLanguage":"es","@id":"https:\/\/h3o.es\/es\/#primaryimage","url":"https:\/\/h3o.es\/wp-content\/uploads\/2023\/09\/h3o-architects-modal-festival-nomad-assembly-ephimeral-architecture-fest-arquitectura-efi\u0301mera-pink-rosa.png","contentUrl":"https:\/\/h3o.es\/wp-content\/uploads\/2023\/09\/h3o-architects-modal-festival-nomad-assembly-ephimeral-architecture-fest-arquitectura-efi\u0301mera-pink-rosa.png","width":1200,"height":914,"caption":"H3o architects estudi d'arquitectura a barcelona Modal Festival Nomad Assembly arquitectura ef\u00edmera rosa pink ephemeral architecture"},{"@type":"BreadcrumbList","@id":"https:\/\/h3o.es\/es\/#breadcrumb","itemListElement":[{"@type":"ListItem","position":1,"name":"Portada","item":"https:\/\/h3o.es\/es\/"},{"@type":"ListItem","position":2,"name":"obra"}]},{"@type":"WebSite","@id":"https:\/\/h3o.es\/en\/#website","url":"https:\/\/h3o.es\/en\/","name":"h3o","description":"","potentialAction":[{"@type":"SearchAction","target":{"@type":"EntryPoint","urlTemplate":"https:\/\/h3o.es\/en\/?s={search_term_string}"},"query-input":{"@type":"PropertyValueSpecification","valueRequired":true,"valueName":"search_term_string"}}],"inLanguage":"es"}]}},"_links":{"self":[{"href":"https:\/\/h3o.es\/es\/wp-json\/wp\/v2\/pages\/50","targetHints":{"allow":["GET"]}}],"collection":[{"href":"https:\/\/h3o.es\/es\/wp-json\/wp\/v2\/pages"}],"about":[{"href":"https:\/\/h3o.es\/es\/wp-json\/wp\/v2\/types\/page"}],"author":[{"embeddable":true,"href":"https:\/\/h3o.es\/es\/wp-json\/wp\/v2\/users\/1"}],"replies":[{"embeddable":true,"href":"https:\/\/h3o.es\/es\/wp-json\/wp\/v2\/comments?post=50"}],"version-history":[{"count":153,"href":"https:\/\/h3o.es\/es\/wp-json\/wp\/v2\/pages\/50\/revisions"}],"predecessor-version":[{"id":12081,"href":"https:\/\/h3o.es\/es\/wp-json\/wp\/v2\/pages\/50\/revisions\/12081"}],"wp:featuredmedia":[{"embeddable":true,"href":"https:\/\/h3o.es\/es\/wp-json\/wp\/v2\/media\/7385"}],"wp:attachment":[{"href":"https:\/\/h3o.es\/es\/wp-json\/wp\/v2\/media?parent=50"}],"curies":[{"name":"wp","href":"https:\/\/api.w.org\/{rel}","templated":true}]}}