{"id":52,"date":"2017-06-20T10:53:58","date_gmt":"2017-06-20T10:53:58","guid":{"rendered":"https:\/\/h3o.es\/nosaltres-3\/"},"modified":"2025-07-31T07:45:51","modified_gmt":"2025-07-31T07:45:51","slug":"estudio","status":"publish","type":"page","link":"https:\/\/h3o.es\/es\/estudio\/","title":{"rendered":"estudio"},"content":{"rendered":"<p>En h3o buscamos crear espacios que trasciendan lo ordinario, fomentando conexiones significativas entre personas, contextos y naturaleza.<\/p>\n<p>En la intersecci\u00f3n de la fantas\u00eda y la teor\u00eda, nuestros proyectos tejen nuevas posibilidades espaciales y sociales que respondan a los desaf\u00edos contempor\u00e1neos de la arquitectura.<\/p>\n","protected":false},"excerpt":{"rendered":"<p>En h3o buscamos crear espacios que trasciendan lo ordinario, fomentando conexiones significativas entre personas, contextos y naturaleza. En la intersecci\u00f3n de la fantas\u00eda &hellip;<\/p>\n","protected":false},"author":1,"featured_media":0,"parent":0,"menu_order":0,"comment_status":"closed","ping_status":"closed","template":"nosaltres.php","meta":{"_acf_changed":false,"footnotes":""},"class_list":["post-52","page","type-page","status-publish","hentry"],"acf":[],"yoast_head":"<!-- This site is optimized with the Yoast SEO plugin v25.3 - https:\/\/yoast.com\/wordpress\/plugins\/seo\/ -->\n<title>h3o - estudi d&#039;Arquitectura i disseny a Barcelona<\/title>\n<meta name=\"description\" content=\"h3o \u00e9s un estudi d&#039;arquitectura i disseny a Barcelona. L&#039;objectiu d&#039;h3o \u00e9s explicar hist\u00f2ries a trav\u00e9s de l&#039;espai com a llen\u00e7 d&#039;infinites connexions\" \/>\n<meta name=\"robots\" content=\"index, follow, max-snippet:-1, max-image-preview:large, max-video-preview:-1\" \/>\n<link rel=\"canonical\" href=\"https:\/\/h3o.es\/es\/estudio\/\" \/>\n<meta property=\"og:locale\" content=\"es_ES\" \/>\n<meta property=\"og:type\" content=\"article\" \/>\n<meta property=\"og:title\" content=\"h3o - estudi d&#039;Arquitectura i disseny a Barcelona\" \/>\n<meta property=\"og:description\" content=\"h3o \u00e9s un estudi d&#039;arquitectura i disseny a Barcelona. L&#039;objectiu d&#039;h3o \u00e9s explicar hist\u00f2ries a trav\u00e9s de l&#039;espai com a llen\u00e7 d&#039;infinites connexions\" \/>\n<meta property=\"og:url\" content=\"https:\/\/h3o.es\/es\/estudio\/\" \/>\n<meta property=\"og:site_name\" content=\"h3o\" \/>\n<meta property=\"article:modified_time\" content=\"2025-07-31T07:45:51+00:00\" \/>\n<meta name=\"twitter:card\" content=\"summary_large_image\" \/>\n<meta name=\"twitter:label1\" content=\"Tiempo de lectura\" \/>\n\t<meta name=\"twitter:data1\" content=\"1 minuto\" \/>\n<script type=\"application\/ld+json\" class=\"yoast-schema-graph\">{\"@context\":\"https:\/\/schema.org\",\"@graph\":[{\"@type\":\"WebPage\",\"@id\":\"https:\/\/h3o.es\/es\/estudio\/\",\"url\":\"https:\/\/h3o.es\/es\/estudio\/\",\"name\":\"h3o - estudi d'Arquitectura i disseny a Barcelona\",\"isPartOf\":{\"@id\":\"https:\/\/h3o.es\/en\/#website\"},\"datePublished\":\"2017-06-20T10:53:58+00:00\",\"dateModified\":\"2025-07-31T07:45:51+00:00\",\"description\":\"h3o \u00e9s un estudi d'arquitectura i disseny a Barcelona. L'objectiu d'h3o \u00e9s explicar hist\u00f2ries a trav\u00e9s de l'espai com a llen\u00e7 d'infinites connexions\",\"breadcrumb\":{\"@id\":\"https:\/\/h3o.es\/es\/estudio\/#breadcrumb\"},\"inLanguage\":\"es\",\"potentialAction\":[{\"@type\":\"ReadAction\",\"target\":[\"https:\/\/h3o.es\/es\/estudio\/\"]}]},{\"@type\":\"BreadcrumbList\",\"@id\":\"https:\/\/h3o.es\/es\/estudio\/#breadcrumb\",\"itemListElement\":[{\"@type\":\"ListItem\",\"position\":1,\"name\":\"Portada\",\"item\":\"https:\/\/h3o.es\/es\/\"},{\"@type\":\"ListItem\",\"position\":2,\"name\":\"estudio\"}]},{\"@type\":\"WebSite\",\"@id\":\"https:\/\/h3o.es\/en\/#website\",\"url\":\"https:\/\/h3o.es\/en\/\",\"name\":\"h3o\",\"description\":\"\",\"potentialAction\":[{\"@type\":\"SearchAction\",\"target\":{\"@type\":\"EntryPoint\",\"urlTemplate\":\"https:\/\/h3o.es\/en\/?s={search_term_string}\"},\"query-input\":{\"@type\":\"PropertyValueSpecification\",\"valueRequired\":true,\"valueName\":\"search_term_string\"}}],\"inLanguage\":\"es\"}]}<\/script>\n<!-- \/ Yoast SEO plugin. -->","yoast_head_json":{"title":"h3o - estudi d'Arquitectura i disseny a Barcelona","description":"h3o \u00e9s un estudi d'arquitectura i disseny a Barcelona. L'objectiu d'h3o \u00e9s explicar hist\u00f2ries a trav\u00e9s de l'espai com a llen\u00e7 d'infinites connexions","robots":{"index":"index","follow":"follow","max-snippet":"max-snippet:-1","max-image-preview":"max-image-preview:large","max-video-preview":"max-video-preview:-1"},"canonical":"https:\/\/h3o.es\/es\/estudio\/","og_locale":"es_ES","og_type":"article","og_title":"h3o - estudi d'Arquitectura i disseny a Barcelona","og_description":"h3o \u00e9s un estudi d'arquitectura i disseny a Barcelona. L'objectiu d'h3o \u00e9s explicar hist\u00f2ries a trav\u00e9s de l'espai com a llen\u00e7 d'infinites connexions","og_url":"https:\/\/h3o.es\/es\/estudio\/","og_site_name":"h3o","article_modified_time":"2025-07-31T07:45:51+00:00","twitter_card":"summary_large_image","twitter_misc":{"Tiempo de lectura":"1 minuto"},"schema":{"@context":"https:\/\/schema.org","@graph":[{"@type":"WebPage","@id":"https:\/\/h3o.es\/es\/estudio\/","url":"https:\/\/h3o.es\/es\/estudio\/","name":"h3o - estudi d'Arquitectura i disseny a Barcelona","isPartOf":{"@id":"https:\/\/h3o.es\/en\/#website"},"datePublished":"2017-06-20T10:53:58+00:00","dateModified":"2025-07-31T07:45:51+00:00","description":"h3o \u00e9s un estudi d'arquitectura i disseny a Barcelona. L'objectiu d'h3o \u00e9s explicar hist\u00f2ries a trav\u00e9s de l'espai com a llen\u00e7 d'infinites connexions","breadcrumb":{"@id":"https:\/\/h3o.es\/es\/estudio\/#breadcrumb"},"inLanguage":"es","potentialAction":[{"@type":"ReadAction","target":["https:\/\/h3o.es\/es\/estudio\/"]}]},{"@type":"BreadcrumbList","@id":"https:\/\/h3o.es\/es\/estudio\/#breadcrumb","itemListElement":[{"@type":"ListItem","position":1,"name":"Portada","item":"https:\/\/h3o.es\/es\/"},{"@type":"ListItem","position":2,"name":"estudio"}]},{"@type":"WebSite","@id":"https:\/\/h3o.es\/en\/#website","url":"https:\/\/h3o.es\/en\/","name":"h3o","description":"","potentialAction":[{"@type":"SearchAction","target":{"@type":"EntryPoint","urlTemplate":"https:\/\/h3o.es\/en\/?s={search_term_string}"},"query-input":{"@type":"PropertyValueSpecification","valueRequired":true,"valueName":"search_term_string"}}],"inLanguage":"es"}]}},"_links":{"self":[{"href":"https:\/\/h3o.es\/es\/wp-json\/wp\/v2\/pages\/52","targetHints":{"allow":["GET"]}}],"collection":[{"href":"https:\/\/h3o.es\/es\/wp-json\/wp\/v2\/pages"}],"about":[{"href":"https:\/\/h3o.es\/es\/wp-json\/wp\/v2\/types\/page"}],"author":[{"embeddable":true,"href":"https:\/\/h3o.es\/es\/wp-json\/wp\/v2\/users\/1"}],"replies":[{"embeddable":true,"href":"https:\/\/h3o.es\/es\/wp-json\/wp\/v2\/comments?post=52"}],"version-history":[{"count":67,"href":"https:\/\/h3o.es\/es\/wp-json\/wp\/v2\/pages\/52\/revisions"}],"predecessor-version":[{"id":10399,"href":"https:\/\/h3o.es\/es\/wp-json\/wp\/v2\/pages\/52\/revisions\/10399"}],"wp:attachment":[{"href":"https:\/\/h3o.es\/es\/wp-json\/wp\/v2\/media?parent=52"}],"curies":[{"name":"wp","href":"https:\/\/api.w.org\/{rel}","templated":true}]}}